{"id":28888,"date":"2024-03-14T10:58:05","date_gmt":"2024-03-14T13:58:05","guid":{"rendered":"https:\/\/alvolocal.com\/pagina\/?page_id=28888"},"modified":"2024-03-14T11:00:18","modified_gmt":"2024-03-14T14:00:18","slug":"ms-credito-atendimento","status":"publish","type":"page","link":"https:\/\/alvolocal.com\/pagina\/ms-credito-atendimento\/","title":{"rendered":"MS Credito Atendimento"},"content":{"rendered":"\t\t<div data-elementor-type=\"wp-page\" data-elementor-id=\"28888\" class=\"elementor elementor-28888\" data-elementor-settings=\"[]\">\n\t\t\t\t\t\t\t<div class=\"elementor-section-wrap\">\n\t\t\t\t\t\t\t<section class=\"elementor-section elementor-top-section elementor-element elementor-element-39aa355 elementor-section-boxed elementor-section-height-default elementor-section-height-default\" data-id=\"39aa355\" data-element_type=\"section\">\n\t\t\t\t\t\t<div class=\"elementor-container elementor-column-gap-default\">\n\t\t\t\t\t<div class=\"elementor-column elementor-col-20 elementor-top-column elementor-element elementor-element-e863ab3\" data-id=\"e863ab3\" data-element_type=\"column\">\n\t\t\t<div class=\"elementor-widget-wrap\">\n\t\t\t\t\t\t\t\t\t<\/div>\n\t\t<\/div>\n\t\t\t\t<div class=\"elementor-column elementor-col-20 elementor-top-column elementor-element elementor-element-344e95c\" data-id=\"344e95c\" data-element_type=\"column\">\n\t\t\t<div class=\"elementor-widget-wrap\">\n\t\t\t\t\t\t\t\t\t<\/div>\n\t\t<\/div>\n\t\t\t\t<div class=\"elementor-column elementor-col-20 elementor-top-column elementor-element elementor-element-6656517\" data-id=\"6656517\" data-element_type=\"column\">\n\t\t\t<div class=\"elementor-widget-wrap elementor-element-populated\">\n\t\t\t\t\t\t\t\t<div class=\"elementor-element elementor-element-3cd71e5 elementor-widget elementor-widget-image\" data-id=\"3cd71e5\" data-element_type=\"widget\" data-widget_type=\"image.default\">\n\t\t\t\t<div class=\"elementor-widget-container\">\n\t\t\t\t\t\t\t\t\t\t\t\t\t\t\t<img decoding=\"async\" width=\"262\" height=\"300\" src=\"https:\/\/alvolocal.com\/pagina\/wp-content\/uploads\/2022\/01\/logo-mscred-fintech-1-scaled-e1643061077366-262x300.jpg\" class=\"attachment-medium size-medium\" alt=\"\" srcset=\"https:\/\/alvolocal.com\/pagina\/wp-content\/uploads\/2022\/01\/logo-mscred-fintech-1-scaled-e1643061077366-262x300.jpg 262w, https:\/\/alvolocal.com\/pagina\/wp-content\/uploads\/2022\/01\/logo-mscred-fintech-1-scaled-e1643061077366-894x1024.jpg 894w, https:\/\/alvolocal.com\/pagina\/wp-content\/uploads\/2022\/01\/logo-mscred-fintech-1-scaled-e1643061077366-768x879.jpg 768w, https:\/\/alvolocal.com\/pagina\/wp-content\/uploads\/2022\/01\/logo-mscred-fintech-1-scaled-e1643061077366.jpg 1062w\" sizes=\"(max-width: 262px) 100vw, 262px\" \/>\t\t\t\t\t\t\t\t\t\t\t\t\t\t\t<\/div>\n\t\t\t\t<\/div>\n\t\t\t\t\t<\/div>\n\t\t<\/div>\n\t\t\t\t<div class=\"elementor-column elementor-col-20 elementor-top-column elementor-element elementor-element-a1b0efe\" data-id=\"a1b0efe\" data-element_type=\"column\">\n\t\t\t<div class=\"elementor-widget-wrap\">\n\t\t\t\t\t\t\t\t\t<\/div>\n\t\t<\/div>\n\t\t\t\t<div class=\"elementor-column elementor-col-20 elementor-top-column elementor-element elementor-element-67f9514\" data-id=\"67f9514\" data-element_type=\"column\">\n\t\t\t<div class=\"elementor-widget-wrap\">\n\t\t\t\t\t\t\t\t\t<\/div>\n\t\t<\/div>\n\t\t\t\t\t\t\t<\/div>\n\t\t<\/section>\n\t\t\t\t<section class=\"elementor-section elementor-top-section elementor-element elementor-element-1020657 elementor-section-boxed elementor-section-height-default elementor-section-height-default\" data-id=\"1020657\" data-element_type=\"section\">\n\t\t\t\t\t\t<div class=\"elementor-container elementor-column-gap-default\">\n\t\t\t\t\t<div class=\"elementor-column elementor-col-16 elementor-top-column elementor-element elementor-element-29c75c1\" data-id=\"29c75c1\" data-element_type=\"column\">\n\t\t\t<div class=\"elementor-widget-wrap\">\n\t\t\t\t\t\t\t\t\t<\/div>\n\t\t<\/div>\n\t\t\t\t<div class=\"elementor-column elementor-col-66 elementor-top-column elementor-element elementor-element-6f756aa\" data-id=\"6f756aa\" data-element_type=\"column\">\n\t\t\t<div class=\"elementor-widget-wrap elementor-element-populated\">\n\t\t\t\t\t\t\t\t<div class=\"elementor-element elementor-element-d801626 elementor-widget elementor-widget-wp-widget-wpforms-widget\" data-id=\"d801626\" data-element_type=\"widget\" data-widget_type=\"wp-widget-wpforms-widget.default\">\n\t\t\t\t<div class=\"elementor-widget-container\">\n\t\t\t<div class=\"wpforms-container wpforms-container-full\" id=\"wpforms-25778\"><form id=\"wpforms-form-25778\" class=\"wpforms-validate wpforms-form wpforms-ajax-form\" data-formid=\"25778\" method=\"post\" enctype=\"multipart\/form-data\" action=\"\/pagina\/wp-json\/wp\/v2\/pages\/28888\" data-token=\"0939b9729254fa54b20f4aea3e5b3cd0\"><noscript class=\"wpforms-error-noscript\">Ative o JavaScript no seu navegador para preencher este formul\u00e1rio.<\/noscript><div class=\"wpforms-field-container\"><div id=\"wpforms-25778-field_1-container\" class=\"wpforms-field wpforms-field-text\" data-field-id=\"1\"><input type=\"text\" id=\"wpforms-25778-field_1\" class=\"wpforms-field-medium wpforms-field-required\" name=\"wpforms[fields][1]\" placeholder=\"Nome Completo\" required><\/div><div id=\"wpforms-25778-field_3-container\" class=\"wpforms-field wpforms-field-text\" data-field-id=\"3\"><input type=\"text\" id=\"wpforms-25778-field_3\" class=\"wpforms-field-medium wpforms-field-required\" name=\"wpforms[fields][3]\" placeholder=\"Celular com DDD\" required><\/div><div id=\"wpforms-25778-field_5-container\" class=\"wpforms-field wpforms-field-email\" data-field-id=\"5\"><input type=\"email\" id=\"wpforms-25778-field_5\" class=\"wpforms-field-medium wpforms-field-required\" name=\"wpforms[fields][5]\" placeholder=\"E-mail\" required><\/div><div id=\"wpforms-25778-field_6-container\" class=\"wpforms-field wpforms-field-select wpforms-field-select-style-classic\" data-field-id=\"6\"><label class=\"wpforms-field-label\" for=\"wpforms-25778-field_6\">Ol\u00e1 cliente! Escolha a op\u00e7\u00e3o de atendimento que voc\u00ea deseja:<\/label><select id=\"wpforms-25778-field_6\" class=\"wpforms-field-medium\" name=\"wpforms[fields][6]\"><option value=\"1 \u2013 Empr\u00e9stimo Via de Cart\u00e3o de Cr\u00e9dito\" >1 \u2013 Empr\u00e9stimo Via de Cart\u00e3o de Cr\u00e9dito<\/option><option value=\"2 \u2013 Empr\u00e9stimo Saque-Aniversario FGTS\" >2 \u2013 Empr\u00e9stimo Saque-Aniversario FGTS<\/option><option value=\"3 \u2013 Empr\u00e9stimo Debito em Conta Assalariados e Servidores P\u00fablicos\" >3 \u2013 Empr\u00e9stimo Debito em Conta Assalariados e Servidores P\u00fablicos<\/option><option value=\"4 \u2013 B.B. Crediario Banco do Brasil\" >4 \u2013 B.B. Crediario Banco do Brasil<\/option><option value=\"5 \u2013 Empr\u00e9stimo Debito em Conta de Energia\" >5 \u2013 Empr\u00e9stimo Debito em Conta de Energia<\/option><option value=\"6 \u2013 Empr\u00e9stimo INSS (aposentados e pensionistas)\" >6 \u2013 Empr\u00e9stimo INSS (aposentados e pensionistas)<\/option><option value=\"7 \u2013 Empr\u00e9stimo BPC\/ LOAS\" >7 \u2013 Empr\u00e9stimo BPC\/ LOAS<\/option><option value=\"8 \u2013 Emprestimo com garantia de im\u00f3vel ou Ve\u00edculo.\" >8 \u2013 Emprestimo com garantia de im\u00f3vel ou Ve\u00edculo.<\/option><option value=\"9 \u2013 Capital de Giro PJ e PF\" >9 \u2013 Capital de Giro PJ e PF<\/option><option value=\"10 - Aprova\u00e7\u00e3o Instant\u00e2nea\/ Cart\u00e3o Brasilcard\" >10 - Aprova\u00e7\u00e3o Instant\u00e2nea\/ Cart\u00e3o Brasilcard<\/option><\/select><\/div><div id=\"wpforms-25778-field_7-container\" class=\"wpforms-field wpforms-field-radio\" data-field-id=\"7\"><label class=\"wpforms-field-label\" for=\"wpforms-25778-field_7\">Como voc\u00ea prefere ser contatado:<\/label><ul id=\"wpforms-25778-field_7\"><li class=\"choice-2 depth-1\"><input type=\"radio\" id=\"wpforms-25778-field_7_2\" name=\"wpforms[fields][7]\" value=\"LIGA\u00c7\u00c3O\"  ><label class=\"wpforms-field-label-inline\" for=\"wpforms-25778-field_7_2\">LIGA\u00c7\u00c3O<\/label><\/li><li class=\"choice-3 depth-1\"><input type=\"radio\" id=\"wpforms-25778-field_7_3\" name=\"wpforms[fields][7]\" value=\"WHATSAPP\"  ><label class=\"wpforms-field-label-inline\" for=\"wpforms-25778-field_7_3\">WHATSAPP<\/label><\/li><\/ul><\/div><\/div><div class=\"wpforms-submit-container\" ><input type=\"hidden\" name=\"wpforms[id]\" value=\"25778\"><input type=\"hidden\" name=\"wpforms[author]\" value=\"1\"><button type=\"submit\" name=\"wpforms[submit]\" class=\"wpforms-submit \" id=\"wpforms-submit-25778\" value=\"wpforms-submit\" aria-live=\"assertive\" data-alt-text=\"Enviando...\" data-submit-text=\"CONTINUAR\">CONTINUAR<\/button><img decoding=\"async\" src=\"https:\/\/alvolocal.com\/pagina\/wp-content\/plugins\/wpforms-lite\/assets\/images\/submit-spin.svg\" class=\"wpforms-submit-spinner\" style=\"display: none;\" width=\"26\" height=\"26\" alt=\"\"><\/div><\/form><\/div>  <!-- .wpforms-container -->\t\t<\/div>\n\t\t\t\t<\/div>\n\t\t\t\t\t<\/div>\n\t\t<\/div>\n\t\t\t\t<div class=\"elementor-column elementor-col-16 elementor-top-column elementor-element elementor-element-84d2898\" data-id=\"84d2898\" data-element_type=\"column\">\n\t\t\t<div class=\"elementor-widget-wrap\">\n\t\t\t\t\t\t\t\t\t<\/div>\n\t\t<\/div>\n\t\t\t\t\t\t\t<\/div>\n\t\t<\/section>\n\t\t\t\t\t\t<\/div>\n\t\t\t\t\t<\/div>\n\t\t","protected":false},"excerpt":{"rendered":"","protected":false},"author":1,"featured_media":0,"parent":0,"menu_order":0,"comment_status":"closed","ping_status":"closed","template":"","meta":{"footnotes":""},"_links":{"self":[{"href":"https:\/\/alvolocal.com\/pagina\/wp-json\/wp\/v2\/pages\/28888"}],"collection":[{"href":"https:\/\/alvolocal.com\/pagina\/wp-json\/wp\/v2\/pages"}],"about":[{"href":"https:\/\/alvolocal.com\/pagina\/wp-json\/wp\/v2\/types\/page"}],"author":[{"embeddable":true,"href":"https:\/\/alvolocal.com\/pagina\/wp-json\/wp\/v2\/users\/1"}],"replies":[{"embeddable":true,"href":"https:\/\/alvolocal.com\/pagina\/wp-json\/wp\/v2\/comments?post=28888"}],"version-history":[{"count":4,"href":"https:\/\/alvolocal.com\/pagina\/wp-json\/wp\/v2\/pages\/28888\/revisions"}],"predecessor-version":[{"id":28892,"href":"https:\/\/alvolocal.com\/pagina\/wp-json\/wp\/v2\/pages\/28888\/revisions\/28892"}],"wp:attachment":[{"href":"https:\/\/alvolocal.com\/pagina\/wp-json\/wp\/v2\/media?parent=28888"}],"curies":[{"name":"wp","href":"https:\/\/api.w.org\/{rel}","templated":true}]}}